{"id":248284,"date":"2025-05-17T21:39:03","date_gmt":"2025-05-17T21:39:03","guid":{"rendered":"https:\/\/soranzo.eu\/jean-de-la-fontainela-majestueusebrut-millesimato-cl-75\/"},"modified":"2025-08-21T18:10:44","modified_gmt":"2025-08-21T18:10:44","slug":"jean-de-la-fontainela-majestueusebrut-millesimato-cl-75","status":"publish","type":"product","link":"https:\/\/soranzo.eu\/en\/jean-de-la-fontainela-majestueusebrut-millesimato-cl-75\/","title":{"rendered":"Jean de la Fontaine<br>\u201cLa Majestueuse\u201d<br>Brut Millesimato cl 75"},"content":{"rendered":"<p><strong>GRAPE VARIETIES<\/strong>: 80 % Chardonnay (15 % is vinified in oak barrels), 10 % Pinot Noir, 10 % Pinot Meunier.<br \/>\n<strong>HARVEST YEARS<\/strong> : 2017.<br \/>\n<strong>ORIGIN<\/strong>: 7 villages in the Marne Valley.<br \/>\n<strong>CHARACTERISTICS<\/strong>: Expressive, harmonious, refined.<br \/>\n<strong>VINIFICATION<\/strong>: This 100 % \u2018Coeur de Cuv\u00e9e\u2019 expresses all the qualities of Chardonnay from the Marne Valley, it is a fine alliance of steel and wood.<br \/>\n<strong>AGING<\/strong>: 6 to 8 years in the cellar.<br \/>\n<strong>AVAILABLE FORMAT<\/strong>: Bottle (750 ml).<br \/>\n<strong>FOOD &amp; WINE PAIRING<\/strong>: Duck with orange, escalope with mushrooms or pineapple pastries.<\/p>\n","protected":false},"excerpt":{"rendered":"<p>A special highlight: 15% of the Chardonnay is vinified in oak barrels made in France. This Cuv\u00e9e Mill\u00e9sim\u00e9e, full of contrasts, reveals a thousand nuances: subtlety, refinement and balance.<br \/>\nThis Champagne, with 80% Chardonnay, will surprise your taste buds.<\/p>\n","protected":false},"featured_media":247672,"comment_status":"open","ping_status":"closed","template":"","meta":{"_acf_changed":false,"_et_pb_use_builder":"","_et_pb_old_content":"","_et_gb_content_width":"","inline_featured_image":false},"product_brand":[],"product_cat":[45,44,46],"product_tag":[],"class_list":{"0":"post-248284","1":"product","2":"type-product","3":"status-publish","4":"has-post-thumbnail","6":"product_cat-champagne-en","7":"product_cat-exclusive-products","8":"product_cat-jean-de-la-fontaine-en","10":"first","11":"instock","12":"shipping-taxable","13":"product-type-simple"},"acf":[],"thumbnail":"https:\/\/soranzo.eu\/wp-content\/uploads\/2025\/05\/JF-millesimato-1.webp","price_html":"","on_sale":false,"stock_status":"instock","rating_html":"","rating_count":0,"_links":{"self":[{"href":"https:\/\/soranzo.eu\/en\/wp-json\/wp\/v2\/product\/248284","targetHints":{"allow":["GET"]}}],"collection":[{"href":"https:\/\/soranzo.eu\/en\/wp-json\/wp\/v2\/product"}],"about":[{"href":"https:\/\/soranzo.eu\/en\/wp-json\/wp\/v2\/types\/product"}],"replies":[{"embeddable":true,"href":"https:\/\/soranzo.eu\/en\/wp-json\/wp\/v2\/comments?post=248284"}],"wp:featuredmedia":[{"embeddable":true,"href":"https:\/\/soranzo.eu\/en\/wp-json\/wp\/v2\/media\/247672"}],"wp:attachment":[{"href":"https:\/\/soranzo.eu\/en\/wp-json\/wp\/v2\/media?parent=248284"}],"wp:term":[{"taxonomy":"product_brand","embeddable":true,"href":"https:\/\/soranzo.eu\/en\/wp-json\/wp\/v2\/product_brand?post=248284"},{"taxonomy":"product_cat","embeddable":true,"href":"https:\/\/soranzo.eu\/en\/wp-json\/wp\/v2\/product_cat?post=248284"},{"taxonomy":"product_tag","embeddable":true,"href":"https:\/\/soranzo.eu\/en\/wp-json\/wp\/v2\/product_tag?post=248284"}],"curies":[{"name":"wp","href":"https:\/\/api.w.org\/{rel}","templated":true}]}}